{"id":10,"date":"2021-02-12T11:45:24","date_gmt":"2021-02-12T11:45:24","guid":{"rendered":"https:\/\/eilaistcool.de\/?page_id=10"},"modified":"2021-02-12T11:45:24","modified_gmt":"2021-02-12T11:45:24","slug":"eila-ist-cool","status":"publish","type":"page","link":"https:\/\/www.eilaistcool.de\/","title":{"rendered":"Eila ist cool!"},"content":{"rendered":"\n<p>Nat\u00fcrlich ist Eila cool! Verdammt cool, auch noch. Eisb\u00e4ren sehen irgendwie viel zu hei\u00df aus, neben Eila, die also noch viel cooler ist.<\/p>\n","protected":false},"excerpt":{"rendered":"<p>Nat\u00fcrlich ist Eila cool! Verdammt cool, auch noch. Eisb\u00e4ren sehen irgendwie viel zu hei\u00df aus, neben Eila, die also noch viel cooler ist.<\/p>\n","protected":false},"author":1,"featured_media":0,"parent":0,"menu_order":0,"comment_status":"closed","ping_status":"closed","template":"","meta":{"footnotes":""},"class_list":["post-10","page","type-page","status-publish","hentry","entry"],"_links":{"self":[{"href":"https:\/\/www.eilaistcool.de\/index.php?rest_route=\/wp\/v2\/pages\/10","targetHints":{"allow":["GET"]}}],"collection":[{"href":"https:\/\/www.eilaistcool.de\/index.php?rest_route=\/wp\/v2\/pages"}],"about":[{"href":"https:\/\/www.eilaistcool.de\/index.php?rest_route=\/wp\/v2\/types\/page"}],"author":[{"embeddable":true,"href":"https:\/\/www.eilaistcool.de\/index.php?rest_route=\/wp\/v2\/users\/1"}],"replies":[{"embeddable":true,"href":"https:\/\/www.eilaistcool.de\/index.php?rest_route=%2Fwp%2Fv2%2Fcomments&post=10"}],"version-history":[{"count":1,"href":"https:\/\/www.eilaistcool.de\/index.php?rest_route=\/wp\/v2\/pages\/10\/revisions"}],"predecessor-version":[{"id":11,"href":"https:\/\/www.eilaistcool.de\/index.php?rest_route=\/wp\/v2\/pages\/10\/revisions\/11"}],"wp:attachment":[{"href":"https:\/\/www.eilaistcool.de\/index.php?rest_route=%2Fwp%2Fv2%2Fmedia&parent=10"}],"curies":[{"name":"wp","href":"https:\/\/api.w.org\/{rel}","templated":true}]}}